{"id":28,"date":"2021-12-10T23:42:19","date_gmt":"2021-12-10T23:42:19","guid":{"rendered":"https:\/\/www.geruestbau-thyen.de\/?page_id=28"},"modified":"2021-12-10T23:42:24","modified_gmt":"2021-12-10T23:42:24","slug":"impressum","status":"publish","type":"page","link":"https:\/\/www.geruestbau-thyen.de\/?page_id=28","title":{"rendered":"Impressum"},"content":{"rendered":"\n  \n    <section class=\"u-clearfix u-section-1\" id=\"sec-c55f\">\n      <div class=\"u-clearfix u-sheet u-sheet-1\">\n        <h1 class=\"u-text u-text-default u-text-1\">Impressum<\/h1>\n      <\/div>\n    <\/section>\n    <section class=\"u-clearfix u-section-2\" id=\"sec-3bd0\">\n      <div class=\"u-clearfix u-sheet u-sheet-1\">\n        <p class=\"u-heading-font u-text u-text-1\"> Angaben gem\u00e4\u00df \u00a7 5 TMG&nbsp;<br>\n          <br> Ger\u00fcstbau Thyen GmbH &amp; Co.KG <br>Bohrstra\u00dfe 20 <br>49757 Werlte <br>Handelsregister: B206159 <br>\n          <br>Vertreten durch: <br>JTW Verwaltungs GmbH <br>Diese vertreten durch: <br>Jens Thyen <br>Handelsregister: HRA 203133 <br>Registergericht: Amtsgericht Osnabr\u00fcck <br>\n          <br>\n          <br>Kontakt <br>Telefon: +49 (0) 5951 99 07 809 <br>Telefax: +49 (0) 5951 99 07 808 <br>E-Mail: info@jtw-bau.de <br>\n          <br>\n          <br>Umsatzsteuer-ID <br>Umsatzsteuer-Identifikationsnummer gem\u00e4\u00df \u00a7 27 a Umsatzsteuergesetz: <br>DE282440795 <br>\n          <br>\n          <br>Redaktionell verantwortlich <br>Jens Thyen&nbsp;<br>\n          <br>\n          <br>Technische Realisierung<br>IT Plaggenborg<br>www.it-plaggenborg.de<br>\n          <br>\n          <br>EU-Streitschlichtung <br>Die Europ\u00e4ische Kommission stellt eine Plattform zur Online-Streitbeilegung (OS) bereit<br>\n          <br>https:\/\/ec.europa.eu\/consumers\/odr\/. <br>Unsere E-Mail-Adresse finden Sie oben im Impressum. <br>\n          <br>Verbraucherstreitbeilegung\/Universalschlichtungsstelle <br>Wir nehmen an einem Streitbeilegungsverfahren vor einer Verbraucherschlichtungsstelle teil. Zust\u00e4ndig ist\ndie Universalschlichtungsstelle des Zentrums f\u00fcr Schlichtung e.V., Stra\u00dfburger Stra\u00dfe 8, 77694 Kehl am\nRhein (&nbsp;https:\/\/www.verbraucher-schlichter.de). <br>\n          <br>\n          <br>Quellenangaben f\u00fcr die verwendeten Bilder und Grafiken:&nbsp;<br>\n          <br>Fotolia und Adobe Stock:&nbsp;<br>\n          <br>\n          <br>Adobe Stock #94711125 - Haus Standard wei\u00df mit Garage By KB3 <br>Adobe Stock #235097305 - Engineer or architect partner meeting for working with architecture project - By Ngampol <br>Adobe Stock #315351169 - Exterior brickwall thermal insulation with scaffolding and interior view through window, 3d illustration - By sveta <br>Adobe Stock #314857033 - flat renovation, apartment before and after refurbishment - By hanohiki <br>Adobe Stock #339085105 - Gewerbehalle im Bau - By U. J. Alexander <br>Adobe Stock #318532190 - Mehrfamilienh\u00e4user am Abend - By KB3 <br>Adobe Stock #108306022 - Start carrer - By alphaspirit <br>Adobe Stock #319853109 - LOW ANGLE VIEW OF BUILT STRUCTURE - By reinhard krull\/EyeEm<br>\n          <br>\n          <br>\n          <br>\n          <br>Quelle: <br>https:\/\/www.e-recht24.de<br>\n        <\/p>\n      <\/div>\n    <\/section>\n    \n    \n    \n  \n","protected":false},"excerpt":{"rendered":"<p>Impressum Angaben gem\u00e4\u00df \u00a7 5 TMG&nbsp; Ger\u00fcstbau Thyen GmbH &amp; Co.KG Bohrstra\u00dfe 20 49757 Werlte Handelsregister: B206159 Vertreten durch: JTW Verwaltungs GmbH Diese vertreten durch: Jens Thyen Handelsregister: HRA 203133 Registergericht: Amtsgericht Osnabr\u00fcck Kontakt Telefon: +49 (0) 5951 99 07 809 Telefax: +49 (0) 5951 99 07 808 E-Mail: info@jtw-bau.de Umsatzsteuer-ID Umsatzsteuer-Identifikationsnummer gem\u00e4\u00df \u00a7 27 &hellip; <a href=\"https:\/\/www.geruestbau-thyen.de\/?page_id=28\" class=\"more-link\">Continue reading<span class=\"screen-reader-text\"> &#8222;Impressum&#8220;<\/span><\/a><\/p>\n","protected":false},"author":1,"featured_media":0,"parent":0,"menu_order":1,"comment_status":"closed","ping_status":"closed","template":"","meta":{"footnotes":""},"class_list":["post-28","page","type-page","status-publish","hentry"],"yoast_head":"<!-- This site is optimized with the Yoast SEO plugin v21.4 - https:\/\/yoast.com\/wordpress\/plugins\/seo\/ -->\n<title>Impressum - Ger\u00fcstbau Thyen<\/title>\n<meta name=\"robots\" content=\"index, follow, max-snippet:-1, max-image-preview:large, max-video-preview:-1\" \/>\n<link rel=\"canonical\" href=\"https:\/\/www.geruestbau-thyen.de\/?page_id=28\" \/>\n<meta property=\"og:locale\" content=\"de_DE\" \/>\n<meta property=\"og:type\" content=\"article\" \/>\n<meta property=\"og:title\" content=\"Impressum - Ger\u00fcstbau Thyen\" \/>\n<meta property=\"og:description\" content=\"Impressum Angaben gem\u00e4\u00df \u00a7 5 TMG&nbsp; Ger\u00fcstbau Thyen GmbH &amp; Co.KG Bohrstra\u00dfe 20 49757 Werlte Handelsregister: B206159 Vertreten durch: JTW Verwaltungs GmbH Diese vertreten durch: Jens Thyen Handelsregister: HRA 203133 Registergericht: Amtsgericht Osnabr\u00fcck Kontakt Telefon: +49 (0) 5951 99 07 809 Telefax: +49 (0) 5951 99 07 808 E-Mail: info@jtw-bau.de Umsatzsteuer-ID Umsatzsteuer-Identifikationsnummer gem\u00e4\u00df \u00a7 27 &hellip; Continue reading &quot;Impressum&quot;\" \/>\n<meta property=\"og:url\" content=\"https:\/\/www.geruestbau-thyen.de\/?page_id=28\" \/>\n<meta property=\"og:site_name\" content=\"Ger\u00fcstbau Thyen\" \/>\n<meta property=\"article:modified_time\" content=\"2021-12-10T23:42:24+00:00\" \/>\n<meta name=\"twitter:card\" content=\"summary_large_image\" \/>\n<meta name=\"twitter:label1\" content=\"Gesch\u00e4tzte Lesezeit\" \/>\n\t<meta name=\"twitter:data1\" content=\"1\u00a0Minute\" \/>\n<script type=\"application\/ld+json\" class=\"yoast-schema-graph\">{\"@context\":\"https:\/\/schema.org\",\"@graph\":[{\"@type\":\"WebPage\",\"@id\":\"https:\/\/www.geruestbau-thyen.de\/?page_id=28\",\"url\":\"https:\/\/www.geruestbau-thyen.de\/?page_id=28\",\"name\":\"Impressum - Ger\u00fcstbau Thyen\",\"isPartOf\":{\"@id\":\"https:\/\/www.geruestbau-thyen.de\/#website\"},\"datePublished\":\"2021-12-10T23:42:19+00:00\",\"dateModified\":\"2021-12-10T23:42:24+00:00\",\"breadcrumb\":{\"@id\":\"https:\/\/www.geruestbau-thyen.de\/?page_id=28#breadcrumb\"},\"inLanguage\":\"de\",\"potentialAction\":[{\"@type\":\"ReadAction\",\"target\":[\"https:\/\/www.geruestbau-thyen.de\/?page_id=28\"]}]},{\"@type\":\"BreadcrumbList\",\"@id\":\"https:\/\/www.geruestbau-thyen.de\/?page_id=28#breadcrumb\",\"itemListElement\":[{\"@type\":\"ListItem\",\"position\":1,\"name\":\"Startseite\",\"item\":\"https:\/\/www.geruestbau-thyen.de\/\"},{\"@type\":\"ListItem\",\"position\":2,\"name\":\"Impressum\"}]},{\"@type\":\"WebSite\",\"@id\":\"https:\/\/www.geruestbau-thyen.de\/#website\",\"url\":\"https:\/\/www.geruestbau-thyen.de\/\",\"name\":\"Ger\u00fcstbau Thyen\",\"description\":\"Ger\u00fcstbau Thyen ist ihr Partner wenn es um Ger\u00fcste geht.\",\"potentialAction\":[{\"@type\":\"SearchAction\",\"target\":{\"@type\":\"EntryPoint\",\"urlTemplate\":\"https:\/\/www.geruestbau-thyen.de\/?s={search_term_string}\"},\"query-input\":\"required name=search_term_string\"}],\"inLanguage\":\"de\"}]}<\/script>\n<!-- \/ Yoast SEO plugin. -->","yoast_head_json":{"title":"Impressum - Ger\u00fcstbau Thyen","robots":{"index":"index","follow":"follow","max-snippet":"max-snippet:-1","max-image-preview":"max-image-preview:large","max-video-preview":"max-video-preview:-1"},"canonical":"https:\/\/www.geruestbau-thyen.de\/?page_id=28","og_locale":"de_DE","og_type":"article","og_title":"Impressum - Ger\u00fcstbau Thyen","og_description":"Impressum Angaben gem\u00e4\u00df \u00a7 5 TMG&nbsp; Ger\u00fcstbau Thyen GmbH &amp; Co.KG Bohrstra\u00dfe 20 49757 Werlte Handelsregister: B206159 Vertreten durch: JTW Verwaltungs GmbH Diese vertreten durch: Jens Thyen Handelsregister: HRA 203133 Registergericht: Amtsgericht Osnabr\u00fcck Kontakt Telefon: +49 (0) 5951 99 07 809 Telefax: +49 (0) 5951 99 07 808 E-Mail: info@jtw-bau.de Umsatzsteuer-ID Umsatzsteuer-Identifikationsnummer gem\u00e4\u00df \u00a7 27 &hellip; Continue reading \"Impressum\"","og_url":"https:\/\/www.geruestbau-thyen.de\/?page_id=28","og_site_name":"Ger\u00fcstbau Thyen","article_modified_time":"2021-12-10T23:42:24+00:00","twitter_card":"summary_large_image","twitter_misc":{"Gesch\u00e4tzte Lesezeit":"1\u00a0Minute"},"schema":{"@context":"https:\/\/schema.org","@graph":[{"@type":"WebPage","@id":"https:\/\/www.geruestbau-thyen.de\/?page_id=28","url":"https:\/\/www.geruestbau-thyen.de\/?page_id=28","name":"Impressum - Ger\u00fcstbau Thyen","isPartOf":{"@id":"https:\/\/www.geruestbau-thyen.de\/#website"},"datePublished":"2021-12-10T23:42:19+00:00","dateModified":"2021-12-10T23:42:24+00:00","breadcrumb":{"@id":"https:\/\/www.geruestbau-thyen.de\/?page_id=28#breadcrumb"},"inLanguage":"de","potentialAction":[{"@type":"ReadAction","target":["https:\/\/www.geruestbau-thyen.de\/?page_id=28"]}]},{"@type":"BreadcrumbList","@id":"https:\/\/www.geruestbau-thyen.de\/?page_id=28#breadcrumb","itemListElement":[{"@type":"ListItem","position":1,"name":"Startseite","item":"https:\/\/www.geruestbau-thyen.de\/"},{"@type":"ListItem","position":2,"name":"Impressum"}]},{"@type":"WebSite","@id":"https:\/\/www.geruestbau-thyen.de\/#website","url":"https:\/\/www.geruestbau-thyen.de\/","name":"Ger\u00fcstbau Thyen","description":"Ger\u00fcstbau Thyen ist ihr Partner wenn es um Ger\u00fcste geht.","potentialAction":[{"@type":"SearchAction","target":{"@type":"EntryPoint","urlTemplate":"https:\/\/www.geruestbau-thyen.de\/?s={search_term_string}"},"query-input":"required name=search_term_string"}],"inLanguage":"de"}]}},"_links":{"self":[{"href":"https:\/\/www.geruestbau-thyen.de\/index.php?rest_route=\/wp\/v2\/pages\/28","targetHints":{"allow":["GET"]}}],"collection":[{"href":"https:\/\/www.geruestbau-thyen.de\/index.php?rest_route=\/wp\/v2\/pages"}],"about":[{"href":"https:\/\/www.geruestbau-thyen.de\/index.php?rest_route=\/wp\/v2\/types\/page"}],"author":[{"embeddable":true,"href":"https:\/\/www.geruestbau-thyen.de\/index.php?rest_route=\/wp\/v2\/users\/1"}],"replies":[{"embeddable":true,"href":"https:\/\/www.geruestbau-thyen.de\/index.php?rest_route=%2Fwp%2Fv2%2Fcomments&post=28"}],"version-history":[{"count":1,"href":"https:\/\/www.geruestbau-thyen.de\/index.php?rest_route=\/wp\/v2\/pages\/28\/revisions"}],"predecessor-version":[{"id":38,"href":"https:\/\/www.geruestbau-thyen.de\/index.php?rest_route=\/wp\/v2\/pages\/28\/revisions\/38"}],"wp:attachment":[{"href":"https:\/\/www.geruestbau-thyen.de\/index.php?rest_route=%2Fwp%2Fv2%2Fmedia&parent=28"}],"curies":[{"name":"wp","href":"https:\/\/api.w.org\/{rel}","templated":true}]}}